{"id":907,"date":"2024-02-16T22:41:27","date_gmt":"2024-02-16T21:41:27","guid":{"rendered":"https:\/\/forfulgtekristne.dk\/?page_id=907"},"modified":"2024-05-02T16:26:18","modified_gmt":"2024-05-02T14:26:18","slug":"administration","status":"publish","type":"page","link":"https:\/\/forfulgtekristne.dk\/en\/dansk-europamission\/administration\/","title":{"rendered":"How will your gift be used?"},"content":{"rendered":"<p>Danish European Mission strives to ensure that as much of the funds collected go directly into projects that benefit the persecuted church<\/p>\n\n\n\n<p>When you make an earmarked gift to one of our projects, 95% of the gift goes to the project you earmarked the gift for, while 5% contributes to the costs of project supervision, information work, bookkeeping and auditing.<\/p>\n\n\n\n<p>If you make a non-earmarked gift to the work of the Danish European Mission, a small portion is used for projects.<\/p>\n\n\n\n<h2 class=\"wp-block-heading\">Low labor costs<\/h2>\n\n\n\n<p>Over the past 10 years, the number of employees at the Danish European Mission's secretariat in Denmark has been reduced. The goal of reducing salary costs in Denmark is to ensure that the largest possible share of the funds raised is transferred to projects that benefit persecuted Christians and the spread of the Gospel. In the projects we support, local employees are employed to carry out the work.<\/p>\n\n\n\n<p>In 2024, nine people are employed in Denmark. Some are employed part-time, so converted to full-time employees, 4.3 FTEs were employed in 2024.<\/p>\n\n\n\n<h2 class=\"wp-block-heading\">Decreasing office expenses<\/h2>\n\n\n\n<p>The Danish European Mission is continuously working to streamline the operation of the mission's activities, which is one of the reasons why the well-known large villa at \u00d8sterhegn 26 in Bagsv\u00e6rd was sold in 2012. This saved costs for the maintenance of the now older villa.<\/p>\n\n\n\n<p>It is also a property many people know, as it was the setting for the mission's work during the Cold War, when the Danish European Mission - often in the face of domestic political headwinds - drew attention to the persecution of Christians in the Eastern Bloc. In addition, many young Christians have lived in the Christian collective on the first floor of the villa. Many initiatives have originated from this place - to help persecuted Christians and spread the gospel in countries that are closed to traditional missions.<\/p>\n\n\n\n<h2 class=\"wp-block-heading\">How is it monitored that your gift is used in accordance with the purpose?<\/h2>\n\n\n\n<p>Fundraising is a big responsibility to take on. The fundamental and crucial evaluation question we ask is whether our donors' gifts are used in accordance with the purpose for which they were given. If a person gives a gift to, for example, emergency aid for Christians and others in need in Syria, the gift must be used for that purpose. It is as simple as that.<\/p>\n\n\n\n<p>We spend a lot of time selecting local project partners that we can trust. The identification of the right project partners is based on a number of parameters:<\/p>\n\n\n\n<ul class=\"wp-block-list\">\n<li>For example, we consult resource persons in our large international network with in-depth country expertise before entering into a partnership with a local Christian church or organization.<\/li>\n\n\n\n<li>We emphasize that the local project partner's vision and purpose are aligned with the vision of the Danish European Mission. Our goal is to help persecuted Christians and enable them to spread the Christian message.<\/li>\n\n\n\n<li>A local project partner must be willing to be transparent in all matters, including finances.<\/li>\n\n\n\n<li>A project partner must deliver clear and concrete results in their work. We regularly partner with local Christians whose work is in its infancy when we sense the right thing to do. But over the years, we often see how God allows the work to grow and make an impact in the country where it is carried out.<\/li>\n<\/ul>\n\n\n\n<p>We are in continuous contact with our project partners:<\/p>\n\n\n\n<ul class=\"wp-block-list\">\n<li>Via video meetings, through email and phone calls.<\/li>\n\n\n\n<li>Staff, volunteers and board members regularly visit project partners in their home countries and oversee projects.<\/li>\n<\/ul>\n\n\n\n<p><strong>Travel expenses<\/strong><\/p>\n\n\n\n<p>All flights are economy class. During supervision trips, Danish European Mission staff will either stay for free with our partners, in a guesthouse or in a hotel at a reasonable price.<\/p>\n\n\n\n<h2 class=\"wp-block-heading\">All questions are welcome<\/h2>\n\n\n\n<p>If you have any questions about how your gift is used, you are always welcome to call 4444 1313 or write to <a href=\"mailto:info@forfulgtekristne.dk\">info@forfulgtekristne.dk<\/a> <\/p>","protected":false},"excerpt":{"rendered":"<p>Danish European Mission strives to ensure that as much of the funds raised go directly to projects that benefit the persecuted church. When you give an earmarked gift to one of our projects, 95% of the gift goes to the project you have earmarked the gift for, while 5% contributes to the costs of project supervision,<\/p>","protected":false},"author":1,"featured_media":0,"parent":886,"menu_order":0,"comment_status":"closed","ping_status":"closed","template":"","meta":{"_acf_changed":false,"footnotes":""},"class_list":{"0":"post-907","1":"page","2":"type-page","3":"status-publish","5":"infinite-scroll-item"},"acf":[],"yoast_head":"<!-- This site is optimized with the Yoast SEO plugin v27.5 - https:\/\/yoast.com\/product\/yoast-seo-wordpress\/ -->\n<title>Hvordan anvendes din gave? | Dansk Europamission<\/title>\n<meta name=\"robots\" content=\"index, follow, max-snippet:-1, max-image-preview:large, max-video-preview:-1\" \/>\n<link rel=\"canonical\" href=\"https:\/\/forfulgtekristne.dk\/en\/danish-europamission\/administration\/\" \/>\n<meta property=\"og:locale\" content=\"en_US\" \/>\n<meta property=\"og:type\" content=\"article\" \/>\n<meta property=\"og:title\" content=\"Hvordan anvendes din gave? | Dansk Europamission\" \/>\n<meta property=\"og:description\" content=\"Dansk Europamission tilstr\u00e6ber, at s\u00e5 stor en del af de indsamlede midler som muligt g\u00e5r direkte ind i projekter til gavn for den forfulgte kirke N\u00e5r du giver en \u00f8rem\u00e6rket gave til et at vores projekter, g\u00e5r 95% af gaven til det projekt, du har \u00f8rem\u00e6rket gaven til, mens 5% bidrager til omkostningerne til projekttilsyn,\" \/>\n<meta property=\"og:url\" content=\"https:\/\/forfulgtekristne.dk\/en\/danish-europamission\/administration\/\" \/>\n<meta property=\"og:site_name\" content=\"Dansk Europamission\" \/>\n<meta property=\"article:modified_time\" content=\"2024-05-02T14:26:18+00:00\" \/>\n<meta name=\"twitter:card\" content=\"summary_large_image\" \/>\n<meta name=\"twitter:label1\" content=\"Est. reading time\" \/>\n\t<meta name=\"twitter:data1\" content=\"4 minutes\" \/>\n<script type=\"application\/ld+json\" class=\"yoast-schema-graph\">{\"@context\":\"https:\\\/\\\/schema.org\",\"@graph\":[{\"@type\":\"WebPage\",\"@id\":\"https:\\\/\\\/forfulgtekristne.dk\\\/dansk-europamission\\\/administration\\\/\",\"url\":\"https:\\\/\\\/forfulgtekristne.dk\\\/dansk-europamission\\\/administration\\\/\",\"name\":\"Hvordan anvendes din gave? | Dansk Europamission\",\"isPartOf\":{\"@id\":\"https:\\\/\\\/forfulgtekristne.dk\\\/#website\"},\"datePublished\":\"2024-02-16T21:41:27+00:00\",\"dateModified\":\"2024-05-02T14:26:18+00:00\",\"breadcrumb\":{\"@id\":\"https:\\\/\\\/forfulgtekristne.dk\\\/dansk-europamission\\\/administration\\\/#breadcrumb\"},\"inLanguage\":\"en-US\",\"potentialAction\":[{\"@type\":\"ReadAction\",\"target\":[\"https:\\\/\\\/forfulgtekristne.dk\\\/dansk-europamission\\\/administration\\\/\"]}]},{\"@type\":\"BreadcrumbList\",\"@id\":\"https:\\\/\\\/forfulgtekristne.dk\\\/dansk-europamission\\\/administration\\\/#breadcrumb\",\"itemListElement\":[{\"@type\":\"ListItem\",\"position\":1,\"name\":\"Hjem\",\"item\":\"https:\\\/\\\/forfulgtekristne.dk\\\/\"},{\"@type\":\"ListItem\",\"position\":2,\"name\":\"Om os\",\"item\":\"https:\\\/\\\/forfulgtekristne.dk\\\/dansk-europamission\\\/\"},{\"@type\":\"ListItem\",\"position\":3,\"name\":\"Hvordan anvendes din gave?\"}]},{\"@type\":\"WebSite\",\"@id\":\"https:\\\/\\\/forfulgtekristne.dk\\\/#website\",\"url\":\"https:\\\/\\\/forfulgtekristne.dk\\\/\",\"name\":\"Dansk Europamission\",\"description\":\"Hj\u00e6lp til forfulgte kristne - evangeliet til un\u00e5ede\",\"publisher\":{\"@id\":\"https:\\\/\\\/forfulgtekristne.dk\\\/#organization\"},\"potentialAction\":[{\"@type\":\"SearchAction\",\"target\":{\"@type\":\"EntryPoint\",\"urlTemplate\":\"https:\\\/\\\/forfulgtekristne.dk\\\/?s={search_term_string}\"},\"query-input\":{\"@type\":\"PropertyValueSpecification\",\"valueRequired\":true,\"valueName\":\"search_term_string\"}}],\"inLanguage\":\"en-US\"},{\"@type\":\"Organization\",\"@id\":\"https:\\\/\\\/forfulgtekristne.dk\\\/#organization\",\"name\":\"Dansk Europamission\",\"url\":\"https:\\\/\\\/forfulgtekristne.dk\\\/\",\"logo\":{\"@type\":\"ImageObject\",\"inLanguage\":\"en-US\",\"@id\":\"https:\\\/\\\/forfulgtekristne.dk\\\/#\\\/schema\\\/logo\\\/image\\\/\",\"url\":\"https:\\\/\\\/forfulgtekristne.dk\\\/wp-content\\\/uploads\\\/2025\\\/01\\\/Logo-Dansk-Europamission.svg\",\"contentUrl\":\"https:\\\/\\\/forfulgtekristne.dk\\\/wp-content\\\/uploads\\\/2025\\\/01\\\/Logo-Dansk-Europamission.svg\",\"caption\":\"Dansk Europamission\"},\"image\":{\"@id\":\"https:\\\/\\\/forfulgtekristne.dk\\\/#\\\/schema\\\/logo\\\/image\\\/\"}}]}<\/script>\n<!-- \/ Yoast SEO plugin. -->","yoast_head_json":{"title":"How to use your gift? | Danish European Mission","robots":{"index":"index","follow":"follow","max-snippet":"max-snippet:-1","max-image-preview":"max-image-preview:large","max-video-preview":"max-video-preview:-1"},"canonical":"https:\/\/forfulgtekristne.dk\/en\/danish-europamission\/administration\/","og_locale":"en_US","og_type":"article","og_title":"Hvordan anvendes din gave? | Dansk Europamission","og_description":"Dansk Europamission tilstr\u00e6ber, at s\u00e5 stor en del af de indsamlede midler som muligt g\u00e5r direkte ind i projekter til gavn for den forfulgte kirke N\u00e5r du giver en \u00f8rem\u00e6rket gave til et at vores projekter, g\u00e5r 95% af gaven til det projekt, du har \u00f8rem\u00e6rket gaven til, mens 5% bidrager til omkostningerne til projekttilsyn,","og_url":"https:\/\/forfulgtekristne.dk\/en\/danish-europamission\/administration\/","og_site_name":"Dansk Europamission","article_modified_time":"2024-05-02T14:26:18+00:00","twitter_card":"summary_large_image","twitter_misc":{"Est. reading time":"4 minutes"},"schema":{"@context":"https:\/\/schema.org","@graph":[{"@type":"WebPage","@id":"https:\/\/forfulgtekristne.dk\/dansk-europamission\/administration\/","url":"https:\/\/forfulgtekristne.dk\/dansk-europamission\/administration\/","name":"How to use your gift? | Danish European Mission","isPartOf":{"@id":"https:\/\/forfulgtekristne.dk\/#website"},"datePublished":"2024-02-16T21:41:27+00:00","dateModified":"2024-05-02T14:26:18+00:00","breadcrumb":{"@id":"https:\/\/forfulgtekristne.dk\/dansk-europamission\/administration\/#breadcrumb"},"inLanguage":"en-US","potentialAction":[{"@type":"ReadAction","target":["https:\/\/forfulgtekristne.dk\/dansk-europamission\/administration\/"]}]},{"@type":"BreadcrumbList","@id":"https:\/\/forfulgtekristne.dk\/dansk-europamission\/administration\/#breadcrumb","itemListElement":[{"@type":"ListItem","position":1,"name":"Hjem","item":"https:\/\/forfulgtekristne.dk\/"},{"@type":"ListItem","position":2,"name":"Om os","item":"https:\/\/forfulgtekristne.dk\/dansk-europamission\/"},{"@type":"ListItem","position":3,"name":"Hvordan anvendes din gave?"}]},{"@type":"WebSite","@id":"https:\/\/forfulgtekristne.dk\/#website","url":"https:\/\/forfulgtekristne.dk\/","name":"Mission Possible","description":"Helping persecuted Christians - the gospel to the unreached","publisher":{"@id":"https:\/\/forfulgtekristne.dk\/#organization"},"potentialAction":[{"@type":"SearchAction","target":{"@type":"EntryPoint","urlTemplate":"https:\/\/forfulgtekristne.dk\/?s={search_term_string}"},"query-input":{"@type":"PropertyValueSpecification","valueRequired":true,"valueName":"search_term_string"}}],"inLanguage":"en-US"},{"@type":"Organization","@id":"https:\/\/forfulgtekristne.dk\/#organization","name":"Mission Possible","url":"https:\/\/forfulgtekristne.dk\/","logo":{"@type":"ImageObject","inLanguage":"en-US","@id":"https:\/\/forfulgtekristne.dk\/#\/schema\/logo\/image\/","url":"https:\/\/forfulgtekristne.dk\/wp-content\/uploads\/2025\/01\/Logo-Dansk-Europamission.svg","contentUrl":"https:\/\/forfulgtekristne.dk\/wp-content\/uploads\/2025\/01\/Logo-Dansk-Europamission.svg","caption":"Dansk Europamission"},"image":{"@id":"https:\/\/forfulgtekristne.dk\/#\/schema\/logo\/image\/"}}]}},"_links":{"self":[{"href":"https:\/\/forfulgtekristne.dk\/en\/wp-json\/wp\/v2\/pages\/907","targetHints":{"allow":["GET"]}}],"collection":[{"href":"https:\/\/forfulgtekristne.dk\/en\/wp-json\/wp\/v2\/pages"}],"about":[{"href":"https:\/\/forfulgtekristne.dk\/en\/wp-json\/wp\/v2\/types\/page"}],"author":[{"embeddable":true,"href":"https:\/\/forfulgtekristne.dk\/en\/wp-json\/wp\/v2\/users\/1"}],"replies":[{"embeddable":true,"href":"https:\/\/forfulgtekristne.dk\/en\/wp-json\/wp\/v2\/comments?post=907"}],"version-history":[{"count":7,"href":"https:\/\/forfulgtekristne.dk\/en\/wp-json\/wp\/v2\/pages\/907\/revisions"}],"predecessor-version":[{"id":8705,"href":"https:\/\/forfulgtekristne.dk\/en\/wp-json\/wp\/v2\/pages\/907\/revisions\/8705"}],"up":[{"embeddable":true,"href":"https:\/\/forfulgtekristne.dk\/en\/wp-json\/wp\/v2\/pages\/886"}],"wp:attachment":[{"href":"https:\/\/forfulgtekristne.dk\/en\/wp-json\/wp\/v2\/media?parent=907"}],"curies":[{"name":"wp","href":"https:\/\/api.w.org\/{rel}","templated":true}]}}