{"id":1013,"date":"2024-02-17T11:06:34","date_gmt":"2024-02-17T10:06:34","guid":{"rendered":"https:\/\/forfulgtekristne.dk\/?page_id=1013"},"modified":"2024-02-17T11:06:47","modified_gmt":"2024-02-17T10:06:47","slug":"become-an-intercessor","status":"publish","type":"page","link":"https:\/\/forfulgtekristne.dk\/en\/engager-dig\/bliv-forbeder\/","title":{"rendered":"Pray for the unseen and persecuted"},"content":{"rendered":"<p>You can receive <a href=\"https:\/\/forfulgtekristne.dk\/en\/get-involved\/modtag-breaking-news\/\">SMS with prayer requests<\/a>where you can pray specifically for Christians at risk of harassment, discrimination and persecution, and people groups who have yet to hear about God's love in Jesus.<\/p>","protected":false},"excerpt":{"rendered":"<p>You can receive text messages with prayer requests, giving you the opportunity to pray specifically for Christians at risk of harassment, discrimination and persecution, as well as people groups who have yet to hear about God's love in Jesus.<\/p>","protected":false},"author":1,"featured_media":0,"parent":870,"menu_order":0,"comment_status":"closed","ping_status":"closed","template":"","meta":{"_acf_changed":false,"footnotes":""},"class_list":{"0":"post-1013","1":"page","2":"type-page","3":"status-publish","5":"infinite-scroll-item"},"acf":[],"yoast_head":"<!-- This site is optimized with the Yoast SEO plugin v27.0 - https:\/\/yoast.com\/product\/yoast-seo-wordpress\/ -->\n<title>Bed for un\u00e5ede og forfulgte | Dansk Europamission<\/title>\n<meta name=\"robots\" content=\"index, follow, max-snippet:-1, max-image-preview:large, max-video-preview:-1\" \/>\n<link rel=\"canonical\" href=\"https:\/\/forfulgtekristne.dk\/en\/get-involved\/become-an-intercessor\/\" \/>\n<meta property=\"og:locale\" content=\"en_US\" \/>\n<meta property=\"og:type\" content=\"article\" \/>\n<meta property=\"og:title\" content=\"Bed for un\u00e5ede og forfulgte | Dansk Europamission\" \/>\n<meta property=\"og:description\" content=\"Du kan modtage sms med bedemener, hvor du f\u00e5r mulighed for at bede konkret for kristne der risikerer chikane, diskrimination og forf\u00f8lgelse samt folkegrupper der endnu ikke har h\u00f8rt om Guds k\u00e6rlighed i Jesus.\" \/>\n<meta property=\"og:url\" content=\"https:\/\/forfulgtekristne.dk\/en\/get-involved\/become-an-intercessor\/\" \/>\n<meta property=\"og:site_name\" content=\"Dansk Europamission\" \/>\n<meta property=\"article:modified_time\" content=\"2024-02-17T10:06:47+00:00\" \/>\n<meta name=\"twitter:card\" content=\"summary_large_image\" \/>\n<meta name=\"twitter:label1\" content=\"Est. reading time\" \/>\n\t<meta name=\"twitter:data1\" content=\"1 minute\" \/>\n<script type=\"application\/ld+json\" class=\"yoast-schema-graph\">{\"@context\":\"https:\/\/schema.org\",\"@graph\":[{\"@type\":\"WebPage\",\"@id\":\"https:\/\/forfulgtekristne.dk\/engager-dig\/bliv-forbeder\/\",\"url\":\"https:\/\/forfulgtekristne.dk\/engager-dig\/bliv-forbeder\/\",\"name\":\"Bed for un\u00e5ede og forfulgte | Dansk Europamission\",\"isPartOf\":{\"@id\":\"https:\/\/forfulgtekristne.dk\/#website\"},\"datePublished\":\"2024-02-17T10:06:34+00:00\",\"dateModified\":\"2024-02-17T10:06:47+00:00\",\"breadcrumb\":{\"@id\":\"https:\/\/forfulgtekristne.dk\/engager-dig\/bliv-forbeder\/#breadcrumb\"},\"inLanguage\":\"en-US\",\"potentialAction\":[{\"@type\":\"ReadAction\",\"target\":[\"https:\/\/forfulgtekristne.dk\/engager-dig\/bliv-forbeder\/\"]}]},{\"@type\":\"BreadcrumbList\",\"@id\":\"https:\/\/forfulgtekristne.dk\/engager-dig\/bliv-forbeder\/#breadcrumb\",\"itemListElement\":[{\"@type\":\"ListItem\",\"position\":1,\"name\":\"Hjem\",\"item\":\"https:\/\/forfulgtekristne.dk\/\"},{\"@type\":\"ListItem\",\"position\":2,\"name\":\"Engager dig\",\"item\":\"https:\/\/forfulgtekristne.dk\/engager-dig\/\"},{\"@type\":\"ListItem\",\"position\":3,\"name\":\"Bed for un\u00e5ede og forfulgte\"}]},{\"@type\":\"WebSite\",\"@id\":\"https:\/\/forfulgtekristne.dk\/#website\",\"url\":\"https:\/\/forfulgtekristne.dk\/\",\"name\":\"Dansk Europamission\",\"description\":\"Hj\u00e6lp til forfulgte kristne - evangeliet til un\u00e5ede\",\"publisher\":{\"@id\":\"https:\/\/forfulgtekristne.dk\/#organization\"},\"potentialAction\":[{\"@type\":\"SearchAction\",\"target\":{\"@type\":\"EntryPoint\",\"urlTemplate\":\"https:\/\/forfulgtekristne.dk\/?s={search_term_string}\"},\"query-input\":{\"@type\":\"PropertyValueSpecification\",\"valueRequired\":true,\"valueName\":\"search_term_string\"}}],\"inLanguage\":\"en-US\"},{\"@type\":\"Organization\",\"@id\":\"https:\/\/forfulgtekristne.dk\/#organization\",\"name\":\"Dansk Europamission\",\"url\":\"https:\/\/forfulgtekristne.dk\/\",\"logo\":{\"@type\":\"ImageObject\",\"inLanguage\":\"en-US\",\"@id\":\"https:\/\/forfulgtekristne.dk\/#\/schema\/logo\/image\/\",\"url\":\"https:\/\/forfulgtekristne.dk\/wp-content\/uploads\/2025\/01\/Logo-Dansk-Europamission.svg\",\"contentUrl\":\"https:\/\/forfulgtekristne.dk\/wp-content\/uploads\/2025\/01\/Logo-Dansk-Europamission.svg\",\"caption\":\"Dansk Europamission\"},\"image\":{\"@id\":\"https:\/\/forfulgtekristne.dk\/#\/schema\/logo\/image\/\"}}]}<\/script>\n<!-- \/ Yoast SEO plugin. -->","yoast_head_json":{"title":"Pray for the unreached and persecuted | Danish European Mission","robots":{"index":"index","follow":"follow","max-snippet":"max-snippet:-1","max-image-preview":"max-image-preview:large","max-video-preview":"max-video-preview:-1"},"canonical":"https:\/\/forfulgtekristne.dk\/en\/get-involved\/become-an-intercessor\/","og_locale":"en_US","og_type":"article","og_title":"Bed for un\u00e5ede og forfulgte | Dansk Europamission","og_description":"Du kan modtage sms med bedemener, hvor du f\u00e5r mulighed for at bede konkret for kristne der risikerer chikane, diskrimination og forf\u00f8lgelse samt folkegrupper der endnu ikke har h\u00f8rt om Guds k\u00e6rlighed i Jesus.","og_url":"https:\/\/forfulgtekristne.dk\/en\/get-involved\/become-an-intercessor\/","og_site_name":"Dansk Europamission","article_modified_time":"2024-02-17T10:06:47+00:00","twitter_card":"summary_large_image","twitter_misc":{"Est. reading time":"1 minute"},"schema":{"@context":"https:\/\/schema.org","@graph":[{"@type":"WebPage","@id":"https:\/\/forfulgtekristne.dk\/engager-dig\/bliv-forbeder\/","url":"https:\/\/forfulgtekristne.dk\/engager-dig\/bliv-forbeder\/","name":"Pray for the unreached and persecuted | Danish European Mission","isPartOf":{"@id":"https:\/\/forfulgtekristne.dk\/#website"},"datePublished":"2024-02-17T10:06:34+00:00","dateModified":"2024-02-17T10:06:47+00:00","breadcrumb":{"@id":"https:\/\/forfulgtekristne.dk\/engager-dig\/bliv-forbeder\/#breadcrumb"},"inLanguage":"en-US","potentialAction":[{"@type":"ReadAction","target":["https:\/\/forfulgtekristne.dk\/engager-dig\/bliv-forbeder\/"]}]},{"@type":"BreadcrumbList","@id":"https:\/\/forfulgtekristne.dk\/engager-dig\/bliv-forbeder\/#breadcrumb","itemListElement":[{"@type":"ListItem","position":1,"name":"Hjem","item":"https:\/\/forfulgtekristne.dk\/"},{"@type":"ListItem","position":2,"name":"Engager dig","item":"https:\/\/forfulgtekristne.dk\/engager-dig\/"},{"@type":"ListItem","position":3,"name":"Bed for un\u00e5ede og forfulgte"}]},{"@type":"WebSite","@id":"https:\/\/forfulgtekristne.dk\/#website","url":"https:\/\/forfulgtekristne.dk\/","name":"Mission Possible","description":"Helping persecuted Christians - the gospel to the unreached","publisher":{"@id":"https:\/\/forfulgtekristne.dk\/#organization"},"potentialAction":[{"@type":"SearchAction","target":{"@type":"EntryPoint","urlTemplate":"https:\/\/forfulgtekristne.dk\/?s={search_term_string}"},"query-input":{"@type":"PropertyValueSpecification","valueRequired":true,"valueName":"search_term_string"}}],"inLanguage":"en-US"},{"@type":"Organization","@id":"https:\/\/forfulgtekristne.dk\/#organization","name":"Mission Possible","url":"https:\/\/forfulgtekristne.dk\/","logo":{"@type":"ImageObject","inLanguage":"en-US","@id":"https:\/\/forfulgtekristne.dk\/#\/schema\/logo\/image\/","url":"https:\/\/forfulgtekristne.dk\/wp-content\/uploads\/2025\/01\/Logo-Dansk-Europamission.svg","contentUrl":"https:\/\/forfulgtekristne.dk\/wp-content\/uploads\/2025\/01\/Logo-Dansk-Europamission.svg","caption":"Dansk Europamission"},"image":{"@id":"https:\/\/forfulgtekristne.dk\/#\/schema\/logo\/image\/"}}]}},"_links":{"self":[{"href":"https:\/\/forfulgtekristne.dk\/en\/wp-json\/wp\/v2\/pages\/1013","targetHints":{"allow":["GET"]}}],"collection":[{"href":"https:\/\/forfulgtekristne.dk\/en\/wp-json\/wp\/v2\/pages"}],"about":[{"href":"https:\/\/forfulgtekristne.dk\/en\/wp-json\/wp\/v2\/types\/page"}],"author":[{"embeddable":true,"href":"https:\/\/forfulgtekristne.dk\/en\/wp-json\/wp\/v2\/users\/1"}],"replies":[{"embeddable":true,"href":"https:\/\/forfulgtekristne.dk\/en\/wp-json\/wp\/v2\/comments?post=1013"}],"version-history":[{"count":1,"href":"https:\/\/forfulgtekristne.dk\/en\/wp-json\/wp\/v2\/pages\/1013\/revisions"}],"predecessor-version":[{"id":1014,"href":"https:\/\/forfulgtekristne.dk\/en\/wp-json\/wp\/v2\/pages\/1013\/revisions\/1014"}],"up":[{"embeddable":true,"href":"https:\/\/forfulgtekristne.dk\/en\/wp-json\/wp\/v2\/pages\/870"}],"wp:attachment":[{"href":"https:\/\/forfulgtekristne.dk\/en\/wp-json\/wp\/v2\/media?parent=1013"}],"curies":[{"name":"wp","href":"https:\/\/api.w.org\/{rel}","templated":true}]}}